{"id":14135,"date":"2017-09-04T19:38:42","date_gmt":"2017-09-04T17:38:42","guid":{"rendered":"https:\/\/costablancatoday.jasbat.com\/?page_id=14135"},"modified":"2019-11-11T11:21:03","modified_gmt":"2019-11-11T10:21:03","slug":"publicidad","status":"publish","type":"page","link":"https:\/\/costablancaup.com\/es\/publicidad\/","title":{"rendered":"Publicidad"},"content":{"rendered":"<p><img loading=\"lazy\" decoding=\"async\" src=\"\/wp-content\/uploads\/2018\/07\/publicidad_lateral_es.jpg\" alt=\"Publicidad\" width=\"300\" height=\"202\" class=\"alignright size-full wp-image-14751\" srcset=\"https:\/\/costablancaup.com\/wp-content\/uploads\/2018\/07\/publicidad_lateral_es.jpg 300w, https:\/\/costablancaup.com\/wp-content\/uploads\/2018\/07\/publicidad_lateral_es-150x100.jpg 150w\" sizes=\"auto, (max-width: 300px) 100vw, 300px\" \/><br \/>\nEstimado anunciante,<\/p>\n<p>Si desea publicar su anuncio en nuestra agenda online Costa Blanca Up, por favor, contacte con nuestro departamento de ventas a trav\u00e9s del e-mail: <a href=\"mailto:info@costablancaup.com\">info@costablancaup.com<\/a>. Si lo prefiere tambi\u00e9n puede contactar con nosotros a trav\u00e9s del formulario presente en la secci\u00f3n <a href=\"\/es\/contacto\/\">\u00abContacto\u00bb<\/a>.<\/p>\n<p>Por favor, escriba en el asunto de su mensaje \u00abPublicidad\u00bb e ind\u00edquenos el tipo de publicidad en el que est\u00e1 interesado junto a su informaci\u00f3n de contacto.<\/p>\n<p>Contact\u00e1remos con \u00fasted lo antes posible para facilitarle la informaci\u00f3n solicitada.<\/p>\n","protected":false},"excerpt":{"rendered":"<p>Estimado anunciante, Si desea publicar su anuncio en nuestra agenda online Costa Blanca Up, por favor, contacte con nuestro departamento de ventas a trav\u00e9s del e-mail: info@costablancaup.com. Si lo prefiere tambi\u00e9n puede contactar con nosotros a trav\u00e9s del formulario presente en la secci\u00f3n \u00abContacto\u00bb. Por favor, escriba en el asunto de su mensaje \u00abPublicidad\u00bb e ind\u00edquenos el tipo de publicidad en el que est\u00e1 interesado junto a su informaci\u00f3n de contacto. Contact\u00e1remos con \u00fasted lo antes posible para facilitarle la informaci\u00f3n solicitada.<\/p>\n","protected":false},"author":1,"featured_media":0,"parent":0,"menu_order":0,"comment_status":"closed","ping_status":"closed","template":"","meta":{"footnotes":""},"class_list":["post-14135","page","type-page","status-publish","hentry"],"yoast_head":"<!-- This site is optimized with the Yoast SEO plugin v27.3 - https:\/\/yoast.com\/product\/yoast-seo-wordpress\/ -->\n<title>COSTA BLANCA UP - Publicidad<\/title>\n<meta name=\"robots\" content=\"index, follow, max-snippet:-1, max-image-preview:large, max-video-preview:-1\" \/>\n<link rel=\"canonical\" href=\"https:\/\/costablancaup.com\/es\/publicidad\/\" \/>\n<meta property=\"og:locale\" content=\"es_ES\" \/>\n<meta property=\"og:type\" content=\"article\" \/>\n<meta property=\"og:title\" content=\"COSTA BLANCA UP - Publicidad\" \/>\n<meta property=\"og:description\" content=\"Estimado anunciante, Si desea publicar su anuncio en nuestra agenda online Costa Blanca Up, por favor, contacte con nuestro departamento de ventas a trav\u00e9s del e-mail: info@costablancaup.com. Si lo prefiere tambi\u00e9n puede contactar con nosotros a trav\u00e9s del formulario presente en la secci\u00f3n \u00abContacto\u00bb. Por favor, escriba en el asunto de su mensaje \u00abPublicidad\u00bb e ind\u00edquenos el tipo de publicidad en el que est\u00e1 interesado junto a su informaci\u00f3n de contacto. Contact\u00e1remos con \u00fasted lo antes posible para facilitarle la informaci\u00f3n solicitada.\" \/>\n<meta property=\"og:url\" content=\"https:\/\/costablancaup.com\/es\/publicidad\/\" \/>\n<meta property=\"og:site_name\" content=\"COSTA BLANCA UP\" \/>\n<meta property=\"article:modified_time\" content=\"2019-11-11T10:21:03+00:00\" \/>\n<meta property=\"og:image\" content=\"https:\/\/costablancaup.com\/wp-content\/uploads\/2018\/07\/publicidad_lateral_es.jpg\" \/>\n<meta name=\"twitter:card\" content=\"summary_large_image\" \/>\n<script type=\"application\/ld+json\" class=\"yoast-schema-graph\">{\"@context\":\"https:\\\/\\\/schema.org\",\"@graph\":[{\"@type\":\"WebPage\",\"@id\":\"https:\\\/\\\/costablancaup.com\\\/es\\\/publicidad\\\/\",\"url\":\"https:\\\/\\\/costablancaup.com\\\/es\\\/publicidad\\\/\",\"name\":\"COSTA BLANCA UP - Publicidad\",\"isPartOf\":{\"@id\":\"https:\\\/\\\/costablancaup.com\\\/es\\\/#website\"},\"datePublished\":\"2017-09-04T17:38:42+00:00\",\"dateModified\":\"2019-11-11T10:21:03+00:00\",\"breadcrumb\":{\"@id\":\"https:\\\/\\\/costablancaup.com\\\/es\\\/publicidad\\\/#breadcrumb\"},\"inLanguage\":\"es\",\"potentialAction\":[{\"@type\":\"ReadAction\",\"target\":[\"https:\\\/\\\/costablancaup.com\\\/es\\\/publicidad\\\/\"]}]},{\"@type\":\"BreadcrumbList\",\"@id\":\"https:\\\/\\\/costablancaup.com\\\/es\\\/publicidad\\\/#breadcrumb\",\"itemListElement\":[{\"@type\":\"ListItem\",\"position\":1,\"name\":\"Home\",\"item\":\"https:\\\/\\\/costablancaup.com\\\/es\\\/\"},{\"@type\":\"ListItem\",\"position\":2,\"name\":\"Publicidad\"}]},{\"@type\":\"WebSite\",\"@id\":\"https:\\\/\\\/costablancaup.com\\\/es\\\/#website\",\"url\":\"https:\\\/\\\/costablancaup.com\\\/es\\\/\",\"name\":\"COSTA BLANCA UP\",\"description\":\"Costa Blanca Events and Agenda\",\"publisher\":{\"@id\":\"https:\\\/\\\/costablancaup.com\\\/es\\\/#organization\"},\"potentialAction\":[{\"@type\":\"SearchAction\",\"target\":{\"@type\":\"EntryPoint\",\"urlTemplate\":\"https:\\\/\\\/costablancaup.com\\\/es\\\/?s={search_term_string}\"},\"query-input\":{\"@type\":\"PropertyValueSpecification\",\"valueRequired\":true,\"valueName\":\"search_term_string\"}}],\"inLanguage\":\"es\"},{\"@type\":\"Organization\",\"@id\":\"https:\\\/\\\/costablancaup.com\\\/es\\\/#organization\",\"name\":\"Costa Blanca Up\",\"url\":\"https:\\\/\\\/costablancaup.com\\\/es\\\/\",\"logo\":{\"@type\":\"ImageObject\",\"inLanguage\":\"es\",\"@id\":\"https:\\\/\\\/costablancaup.com\\\/es\\\/#\\\/schema\\\/logo\\\/image\\\/\",\"url\":\"https:\\\/\\\/costablancaup.com\\\/wp-content\\\/uploads\\\/2018\\\/07\\\/titulo_web-1.png\",\"contentUrl\":\"https:\\\/\\\/costablancaup.com\\\/wp-content\\\/uploads\\\/2018\\\/07\\\/titulo_web-1.png\",\"width\":1973,\"height\":303,\"caption\":\"Costa Blanca Up\"},\"image\":{\"@id\":\"https:\\\/\\\/costablancaup.com\\\/es\\\/#\\\/schema\\\/logo\\\/image\\\/\"}}]}<\/script>\n<!-- \/ Yoast SEO plugin. -->","yoast_head_json":{"title":"COSTA BLANCA UP - Publicidad","robots":{"index":"index","follow":"follow","max-snippet":"max-snippet:-1","max-image-preview":"max-image-preview:large","max-video-preview":"max-video-preview:-1"},"canonical":"https:\/\/costablancaup.com\/es\/publicidad\/","og_locale":"es_ES","og_type":"article","og_title":"COSTA BLANCA UP - Publicidad","og_description":"Estimado anunciante, Si desea publicar su anuncio en nuestra agenda online Costa Blanca Up, por favor, contacte con nuestro departamento de ventas a trav\u00e9s del e-mail: info@costablancaup.com. Si lo prefiere tambi\u00e9n puede contactar con nosotros a trav\u00e9s del formulario presente en la secci\u00f3n \u00abContacto\u00bb. Por favor, escriba en el asunto de su mensaje \u00abPublicidad\u00bb e ind\u00edquenos el tipo de publicidad en el que est\u00e1 interesado junto a su informaci\u00f3n de contacto. Contact\u00e1remos con \u00fasted lo antes posible para facilitarle la informaci\u00f3n solicitada.","og_url":"https:\/\/costablancaup.com\/es\/publicidad\/","og_site_name":"COSTA BLANCA UP","article_modified_time":"2019-11-11T10:21:03+00:00","og_image":[{"url":"https:\/\/costablancaup.com\/wp-content\/uploads\/2018\/07\/publicidad_lateral_es.jpg","type":"","width":"","height":""}],"twitter_card":"summary_large_image","schema":{"@context":"https:\/\/schema.org","@graph":[{"@type":"WebPage","@id":"https:\/\/costablancaup.com\/es\/publicidad\/","url":"https:\/\/costablancaup.com\/es\/publicidad\/","name":"COSTA BLANCA UP - Publicidad","isPartOf":{"@id":"https:\/\/costablancaup.com\/es\/#website"},"datePublished":"2017-09-04T17:38:42+00:00","dateModified":"2019-11-11T10:21:03+00:00","breadcrumb":{"@id":"https:\/\/costablancaup.com\/es\/publicidad\/#breadcrumb"},"inLanguage":"es","potentialAction":[{"@type":"ReadAction","target":["https:\/\/costablancaup.com\/es\/publicidad\/"]}]},{"@type":"BreadcrumbList","@id":"https:\/\/costablancaup.com\/es\/publicidad\/#breadcrumb","itemListElement":[{"@type":"ListItem","position":1,"name":"Home","item":"https:\/\/costablancaup.com\/es\/"},{"@type":"ListItem","position":2,"name":"Publicidad"}]},{"@type":"WebSite","@id":"https:\/\/costablancaup.com\/es\/#website","url":"https:\/\/costablancaup.com\/es\/","name":"COSTA BLANCA UP","description":"Costa Blanca Events and Agenda","publisher":{"@id":"https:\/\/costablancaup.com\/es\/#organization"},"potentialAction":[{"@type":"SearchAction","target":{"@type":"EntryPoint","urlTemplate":"https:\/\/costablancaup.com\/es\/?s={search_term_string}"},"query-input":{"@type":"PropertyValueSpecification","valueRequired":true,"valueName":"search_term_string"}}],"inLanguage":"es"},{"@type":"Organization","@id":"https:\/\/costablancaup.com\/es\/#organization","name":"Costa Blanca Up","url":"https:\/\/costablancaup.com\/es\/","logo":{"@type":"ImageObject","inLanguage":"es","@id":"https:\/\/costablancaup.com\/es\/#\/schema\/logo\/image\/","url":"https:\/\/costablancaup.com\/wp-content\/uploads\/2018\/07\/titulo_web-1.png","contentUrl":"https:\/\/costablancaup.com\/wp-content\/uploads\/2018\/07\/titulo_web-1.png","width":1973,"height":303,"caption":"Costa Blanca Up"},"image":{"@id":"https:\/\/costablancaup.com\/es\/#\/schema\/logo\/image\/"}}]}},"_links":{"self":[{"href":"https:\/\/costablancaup.com\/es\/wp-json\/wp\/v2\/pages\/14135","targetHints":{"allow":["GET"]}}],"collection":[{"href":"https:\/\/costablancaup.com\/es\/wp-json\/wp\/v2\/pages"}],"about":[{"href":"https:\/\/costablancaup.com\/es\/wp-json\/wp\/v2\/types\/page"}],"author":[{"embeddable":true,"href":"https:\/\/costablancaup.com\/es\/wp-json\/wp\/v2\/users\/1"}],"replies":[{"embeddable":true,"href":"https:\/\/costablancaup.com\/es\/wp-json\/wp\/v2\/comments?post=14135"}],"version-history":[{"count":13,"href":"https:\/\/costablancaup.com\/es\/wp-json\/wp\/v2\/pages\/14135\/revisions"}],"predecessor-version":[{"id":37241,"href":"https:\/\/costablancaup.com\/es\/wp-json\/wp\/v2\/pages\/14135\/revisions\/37241"}],"wp:attachment":[{"href":"https:\/\/costablancaup.com\/es\/wp-json\/wp\/v2\/media?parent=14135"}],"curies":[{"name":"wp","href":"https:\/\/api.w.org\/{rel}","templated":true}]}}