{"id":18033,"date":"2017-09-20T12:46:01","date_gmt":"2017-09-20T10:46:01","guid":{"rendered":"https:\/\/costablancaup.com\/legal-notice\/"},"modified":"2021-05-06T15:46:35","modified_gmt":"2021-05-06T13:46:35","slug":"%d0%be%d1%84%d0%b8%d1%86%d0%b8%d0%b0%d0%bb%d1%8c%d0%bd%d0%be%d0%b5-%d1%83%d0%b2%d0%b5%d0%b4%d0%be%d0%bc%d0%bb%d0%b5%d0%bd%d0%b8%d0%b5","status":"publish","type":"page","link":"https:\/\/costablancaup.com\/ru\/%d0%be%d1%84%d0%b8%d1%86%d0%b8%d0%b0%d0%bb%d1%8c%d0%bd%d0%be%d0%b5-%d1%83%d0%b2%d0%b5%d0%b4%d0%be%d0%bc%d0%bb%d0%b5%d0%bd%d0%b8%d0%b5\/","title":{"rendered":"\u041e\u0444\u0438\u0446\u0438\u0430\u043b\u044c\u043d\u043e\u0435 \u0443\u0432\u0435\u0434\u043e\u043c\u043b\u0435\u043d\u0438\u0435"},"content":{"rendered":"<p style=\"text-align: justify;\">Estas son las <strong>Condiciones Generales de Uso<\/strong> del sitio web de COSTA BLANCA UP, al que se accede mediante la direcci\u00f3n principal <a target=\"_blank\" href=\"\/\" title=\"Abrir la p\u00e1gina principal de COSTA BLANCA UP en una nueva ventana\" rel=\"noopener\">www.costablancaup.com<\/a>.<\/p>\n<p style=\"text-align: justify;\">La existencia de las presentes Condiciones Generales de Uso no excluye la existencia de otras disposiciones o condiciones de acceso a las diversas secciones que componen el sitio web.<\/p>\n<h3>ACEPTACI\u00d3N DE LAS CONDICIONES DE USO<\/h3>\n<p style=\"text-align: justify;\">Los usuarios deber\u00e1n leer las presentes Condiciones Generales de Uso de esta web. El uso o acceso a este sitio implica el conocimiento y plena aceptaci\u00f3n de las advertencias legales y condiciones que a continuaci\u00f3n se especifican.<\/p>\n<p style=\"text-align: justify;\">Asimismo, la utilizaci\u00f3n de determinados servicios a disposici\u00f3n de los usuarios de este sitio web puede estar sometida a condiciones especiales, advertencias o instrucciones que tambi\u00e9n deber\u00e1n ser consultadas y aceptadas sin reservas por los usuarios.<\/p>\n<h3>CONDICIONES DE ACCESO Y USO DEL SITIO WEB<\/h3>\n<p style=\"text-align: justify;\">La utilizaci\u00f3n del sitio oficial de COSTA BLANCA UP posee car\u00e1cter gratuito. No obstante, la contrataci\u00f3n de algunos de los servicios que ofrece este portal puede estar condicionada al pago de un precio, en cuyo caso se indicar\u00e1 convenientemente.<\/p>\n<p style=\"text-align: justify;\">Quien accede a este sitio web asume la obligaci\u00f3n de efectuar un uso correcto y adecuado de sus servicios y contenidos, de conformidad a las presentes Condiciones Generales y al ordenamiento jur\u00eddico vigente.<\/p>\n<p style=\"text-align: justify;\">COSTA BLANCA UP se reserva el derecho unilateral a denegar el acceso a este sitio web y\/o a sus servicios a aquellos usuarios que incumplan las presentes Condiciones Generales de Uso.<\/p>\n<p style=\"text-align: justify;\">El usuario garantiza la veracidad y autenticidad de las informaciones y datos que comunique en virtud de la cumplimentaci\u00f3n de las solicitudes y formularios que, en su caso, se requieran para acceder a determinados servicios. En este sentido, ser\u00e1 de obligaci\u00f3n del usuario el mantener actualizadas las informaciones de forma tal que correspondan a la realidad en cada momento. Cualquier manifestaci\u00f3n falsa o inexacta que se produzca como consecuencia de las informaciones y datos manifestados, as\u00ed como los perjuicios que tal informaci\u00f3n pudiera causar, ser\u00e1 responsabilidad del usuario.<\/p>\n<p style=\"text-align: justify;\">Los responsables dar\u00e1n a dichos datos el tratamiento automatizado que corresponda en funci\u00f3n de su naturaleza o finalidad, en las condiciones y t\u00e9rminos indicados en la secci\u00f3n de <a href=\"\/es\/politica-privacidad\" title=\"Abrir la p\u00e1gina web de la Pol\u00edtica de privacidad y protecci\u00f3n de datos\">Pol\u00edtica de privacidad y protecci\u00f3n de datos<\/a>.<\/p>\n<h3>DERECHOS DE PROPIEDAD INDUSTRIAL E INTELECTUAL<\/h3>\n<h4>Propiedad industrial<\/h4>\n<p style=\"text-align: justify;\">Las denominaciones COSTA BLANCA UP, la marca gr\u00e1fico-denominativa COSTA BLANCA UP, tal y como aparece en la p\u00e1gina de inicio de esta web, as\u00ed como otros signos distintivos (denominativos, gr\u00e1ficos y gr\u00e1ficos-denominativos) que asimismo aparecen en esta web, gozan de protecci\u00f3n en virtud de la normativa vigente en materia de Propiedad Industrial. COSTA BLANCA UP ostenta el derecho exclusivo a utilizarlos en el tr\u00e1fico econ\u00f3mico. Por consiguiente, queda prohibida su utilizaci\u00f3n por parte de terceros que carezcan de expresa autorizaci\u00f3n.<\/p>\n<h4>Nombres de dominio<\/h4>\n<p style=\"text-align: justify;\">El nombre de dominio <a target=\"_blank\" href=\"\/\" title=\"Abrir la p\u00e1gina principal de COSTA BLANCA UP en una nueva ventana\" rel=\"noopener\">www.costablancaup.com<\/a> y todos aquellos que sirvan para acceder de forma directa al presente sitio oficial son propiedad de COSTA BLANCA UP, y su utilizaci\u00f3n le corresponde en exclusiva a la misma. La indebida utilizaci\u00f3n de los mismos en el tr\u00e1fico econ\u00f3mico, supondr\u00eda una infracci\u00f3n de los derechos conferidos por su registro y ser\u00e1 perseguido por los medios previstos en la ley.<\/p>\n<h4>Derechos de autor<\/h4>\n<p style=\"text-align: justify;\">Los contenidos, textos, fotograf\u00edas, dise\u00f1os, logotipos, im\u00e1genes, sonidos, v\u00eddeos, animaciones, grabaciones, programas de ordenador, c\u00f3digos fuente y, en general, cualquier creaci\u00f3n intelectual existente en la parte p\u00fablica de este sitio web, as\u00ed como el propio Sitio en su conjunto como obra art\u00edstica multimedia, est\u00e1n protegidos como derechos de autor por la legislaci\u00f3n vigente en materia de propiedad intelectual.<\/p>\n<p style=\"text-align: justify;\">De conformidad con lo expuesto, corresponden a COSTA BLANCA UP los derechos exclusivos de reproducci\u00f3n, distribuci\u00f3n, comunicaci\u00f3n p\u00fablica y transformaci\u00f3n, as\u00ed como cualquier otro derecho de naturaleza patrimonial, sobre los elementos se\u00f1alados en el p\u00e1rrafo precedente; y todo ello sin perjuicio de los derechos morales que correspondan a sus autores.<\/p>\n<p style=\"text-align: justify;\">Queda prohibida, con car\u00e1cter general y no limitativa, la reproducci\u00f3n, almacenamiento (excepto aquel necesario para la carga de este sitio web en el navegador o almacenamiento temporal), transformaci\u00f3n, distribuci\u00f3n, comunicaci\u00f3n p\u00fablica, puesta a disposici\u00f3n del p\u00fablico y en general cualquier otra forma de explotaci\u00f3n, por cualquier medio o procedimiento, de todo o parte de los contenidos sujetos a derechos exclusivos de COSTA BLANCA UP, excepto en el caso de mediar autorizaci\u00f3n previa y expresa al efecto.<\/p>\n<h4>Herramientas tecnol\u00f3gicas<\/h4>\n<p style=\"text-align: justify;\">Las herramientas tecnol\u00f3gicas desarrolladas por COSTA BLANCA UP y puestas a disposici\u00f3n del usuario a trav\u00e9s de este portal se encuentran protegidas por la legislaci\u00f3n en materia de Propiedad Intelectual y su utilizaci\u00f3n por el usuario debe realizarse exclusivamente en este \u00e1mbito y sin finalidad comercial.<\/p>\n<h4>Reserva de acciones<\/h4>\n<p style=\"text-align: justify;\">El usuario de este sitio web se compromete a respetar los derechos enunciados y evitar cualquier actuaci\u00f3n que pudiera perjudicarlos. El incumplimiento de lo establecido en este apartado y, en general, cualquier vulneraci\u00f3n de la pac\u00edfica posesi\u00f3n y titularidad de los antedichos derechos de exclusiva ser\u00e1 perseguida con los medios que la legislaci\u00f3n, tanto espa\u00f1ola como internacional, prev\u00e9n.<\/p>\n<p style=\"text-align: justify;\">En este sentido, COSTA BLANCA UP deja hecha expresa reserva del ejercicio de cuantas acciones, tanto civiles como penales, amparen sus leg\u00edtimos derechos de Propiedad Intelectual e Industrial.<\/p>\n<h3>ENLACES<\/h3>\n<h4>Enlaces a p\u00e1ginas web independientes de este sitio web<\/h4>\n<p style=\"text-align: justify;\">En el sitio web de COSTA BLANCA UP el usuario podr\u00e1 encontrar diversos enlaces que le conducir\u00e1n a p\u00e1ginas web independientes de \u00e9sta. Su \u00fanica finalidad es la de facilitar el acceso a otras fuentes de informaci\u00f3n en Internet relacionadas con los servicios ofrecidos o de car\u00e1cter general. Su inserci\u00f3n en este sitio web est\u00e1 inspirada en el respeto de los derechos de propiedad intelectual e industrial que, en su caso, puedan corresponder a sus autores y titulares leg\u00edtimos.<\/p>\n<p style=\"text-align: justify;\">COSTA BLANCA UP no se hace responsable de los contenidos a los que se acceda en virtud de los mencionados enlaces, ni de las modificaciones que se lleven a cabo en los mismos, ni del uso que de aquellos se realice, ni de su disponibilidad t\u00e9cnica. No obstante, COSTA BLANCA UP se compromete a hacer lo posible para evitar la existencia en su sitio web de enlaces a sitios de contenido ilegal o que promuevan actividades il\u00edcitas. En caso de que tenga conocimiento efectivo de que la informaci\u00f3n a la que remite alg\u00fan enlace es il\u00edcita, COSTA BLANCA UP se compromete a actuar con la debida diligencia para eliminar o inutilizar dicho enlace.<\/p>\n<h4>Condiciones de enlace a este sitio web<\/h4>\n<p style=\"text-align: justify;\">El establecimiento del enlace no implicar\u00e1 la existencia de relaci\u00f3n alguna entre COSTA BLANCA UP y el titular de la p\u00e1gina web o del portal desde el cual se realice, ni el conocimiento y aceptaci\u00f3n por parte de COSTA BLANCA UP de los servicios y contenidos ofrecidos en dicho portal.<\/p>\n<p style=\"text-align: justify;\">No se realizar\u00e1 desde la p\u00e1gina que introduce el enlace ning\u00fan tipo de manifestaci\u00f3n falsa, inexacta o incorrecta sobre COSTA BLANCA UP, sus socios, empleados, clientes o sobre la calidad de los servicios que presta.<\/p>\n<h3>EXENCI\u00d3N DE RESPONSABILIDAD<\/h3>\n<h4>Por los contenidos<\/h4>\n<ul>\n<li>\n<p style=\"text-align: justify;\">Informaciones: Las informaciones, tanto propias como de terceros, que aparecen en este sitio web se proporcionan &#171;como est\u00e1n&#187;, sin garant\u00edas de ning\u00fan tipo en cuanto a su exactitud y actualizaci\u00f3n. En su consecuencia, COSTA BLANCA UP no se hace responsable de los posibles perjuicios que la utilizaci\u00f3n de las mismas pudiera causar.<\/p>\n<\/li>\n<li>\n<p style=\"text-align: justify;\">Contenidos il\u00edcitos: COSTA BLANCA UP se compromete a hacer lo posible para evitar la existencia en su sitio web de contenidos il\u00edcitos y, en caso de que tenga conocimiento efectivo de estos contenidos, eliminarlos o impedir el acceso a los mismos. No obstante, no se garantiza la licitud de los contenidos suministrados sobre la base de informaci\u00f3n proporcionada por terceros proveedores, colaboradores o usuarios.<\/p>\n<\/li>\n<li>\n<p style=\"text-align: justify;\">Modificaci\u00f3n de contenidos: La informaci\u00f3n, la presentaci\u00f3n y los servicios que ofrece este sitio pueden ser sometidos a cambios peri\u00f3dicos o puntuales, susceptibles de ser efectuados libremente por COSTA BLANCA UP sin que exista obligaci\u00f3n de comunicarlo a los usuarios.<\/p>\n<\/li>\n<\/ul>\n<h4>Por el funcionamiento del sitio web<\/h4>\n<ul>\n<li>\n<p style=\"text-align: justify;\">Privacidad: COSTA BLANCA UP no garantiza privacidad absoluta en la utilizaci\u00f3n de este sitio, ya que no debe descartarse la posibilidad de que terceros no autorizados puedan tener conocimiento de la misma y de las circunstancias en que se realiza.<\/p>\n<\/li>\n<li>\n<p style=\"text-align: justify;\">Virus: COSTA BLANCA UP no acepta ninguna responsabilidad por los posibles da\u00f1os causados por virus inform\u00e1ticos, cuya ausencia no queda garantizada.<\/p>\n<\/li>\n<li>\n<p style=\"text-align: justify;\">Disfunciones t\u00e9cnicas: COSTA BLANCA UP queda eximida de cualquier responsabilidad derivada del mal funcionamiento del sitio, o de cualquiera de sus servicios, que tenga su origen en una circunstancia accidental, fuerza mayor, trabajos necesarios de mantenimiento o cualquier otra causa no imputable a COSTA BLANCA UP.<\/p>\n<\/li>\n<\/ul>\n<h3>LEY DE JURISDICCI\u00d3N APLICABLE<\/h3>\n<p style=\"text-align: justify;\">Las presentes Condiciones Generales de Uso se rigen por las leyes espa\u00f1olas. Cualquier disputa en relaci\u00f3n con el sitio web de COSTA BLANCA UP se sustanciar\u00e1 ante la jurisdicci\u00f3n espa\u00f1ola, someti\u00e9ndose las partes a los juzgados y tribunales de la ciudad de Alicante, con expresa renuncia a cualquier otro fuero si lo tuvieren y fuera diferente del rese\u00f1ado.<\/p>\n","protected":false},"excerpt":{"rendered":"<p>Estas son las Condiciones Generales de Uso del sitio web de COSTA BLANCA UP, al que se accede mediante la direcci\u00f3n principal www.costablancaup.com. La existencia de las presentes Condiciones Generales de Uso no excluye la existencia de otras disposiciones o condiciones de acceso a las diversas secciones que componen el sitio web. ACEPTACI\u00d3N DE LAS CONDICIONES DE USO Los usuarios deber\u00e1n leer las presentes Condiciones Generales de Uso de esta web. El uso o acceso a este sitio implica el conocimiento y plena aceptaci\u00f3n de las advertencias legales y condiciones que a continuaci\u00f3n se especifican. Asimismo, la utilizaci\u00f3n de determinados [&hellip;]<\/p>\n","protected":false},"author":1,"featured_media":0,"parent":0,"menu_order":0,"comment_status":"closed","ping_status":"closed","template":"","meta":{"footnotes":""},"class_list":["post-18033","page","type-page","status-publish","hentry"],"yoast_head":"<!-- This site is optimized with the Yoast SEO plugin v27.4 - https:\/\/yoast.com\/product\/yoast-seo-wordpress\/ -->\n<title>COSTA BLANCA UP - \u041e\u0444\u0438\u0446\u0438\u0430\u043b\u044c\u043d\u043e\u0435 \u0443\u0432\u0435\u0434\u043e\u043c\u043b\u0435\u043d\u0438\u0435<\/title>\n<meta name=\"robots\" content=\"index, follow, max-snippet:-1, max-image-preview:large, max-video-preview:-1\" \/>\n<link rel=\"canonical\" href=\"https:\/\/costablancaup.com\/ru\/%d0%be%d1%84%d0%b8%d1%86%d0%b8%d0%b0%d0%bb%d1%8c%d0%bd%d0%be%d0%b5-%d1%83%d0%b2%d0%b5%d0%b4%d0%be%d0%bc%d0%bb%d0%b5%d0%bd%d0%b8%d0%b5\/\" \/>\n<meta property=\"og:locale\" content=\"ru_RU\" \/>\n<meta property=\"og:type\" content=\"article\" \/>\n<meta property=\"og:title\" content=\"COSTA BLANCA UP - \u041e\u0444\u0438\u0446\u0438\u0430\u043b\u044c\u043d\u043e\u0435 \u0443\u0432\u0435\u0434\u043e\u043c\u043b\u0435\u043d\u0438\u0435\" \/>\n<meta property=\"og:description\" content=\"Estas son las Condiciones Generales de Uso del sitio web de COSTA BLANCA UP, al que se accede mediante la direcci\u00f3n principal www.costablancaup.com. La existencia de las presentes Condiciones Generales de Uso no excluye la existencia de otras disposiciones o condiciones de acceso a las diversas secciones que componen el sitio web. ACEPTACI\u00d3N DE LAS CONDICIONES DE USO Los usuarios deber\u00e1n leer las presentes Condiciones Generales de Uso de esta web. El uso o acceso a este sitio implica el conocimiento y plena aceptaci\u00f3n de las advertencias legales y condiciones que a continuaci\u00f3n se especifican. Asimismo, la utilizaci\u00f3n de determinados [&hellip;]\" \/>\n<meta property=\"og:url\" content=\"https:\/\/costablancaup.com\/ru\/%d0%be%d1%84%d0%b8%d1%86%d0%b8%d0%b0%d0%bb%d1%8c%d0%bd%d0%be%d0%b5-%d1%83%d0%b2%d0%b5%d0%b4%d0%be%d0%bc%d0%bb%d0%b5%d0%bd%d0%b8%d0%b5\/\" \/>\n<meta property=\"og:site_name\" content=\"COSTA BLANCA UP\" \/>\n<meta property=\"article:modified_time\" content=\"2021-05-06T13:46:35+00:00\" \/>\n<meta name=\"twitter:card\" content=\"summary_large_image\" \/>\n<meta name=\"twitter:label1\" content=\"\u041f\u0440\u0438\u043c\u0435\u0440\u043d\u043e\u0435 \u0432\u0440\u0435\u043c\u044f \u0434\u043b\u044f \u0447\u0442\u0435\u043d\u0438\u044f\" \/>\n\t<meta name=\"twitter:data1\" content=\"7 \u043c\u0438\u043d\u0443\u0442\" \/>\n<script type=\"application\/ld+json\" class=\"yoast-schema-graph\">{\"@context\":\"https:\\\/\\\/schema.org\",\"@graph\":[{\"@type\":\"WebPage\",\"@id\":\"https:\\\/\\\/costablancaup.com\\\/ru\\\/%d0%be%d1%84%d0%b8%d1%86%d0%b8%d0%b0%d0%bb%d1%8c%d0%bd%d0%be%d0%b5-%d1%83%d0%b2%d0%b5%d0%b4%d0%be%d0%bc%d0%bb%d0%b5%d0%bd%d0%b8%d0%b5\\\/\",\"url\":\"https:\\\/\\\/costablancaup.com\\\/ru\\\/%d0%be%d1%84%d0%b8%d1%86%d0%b8%d0%b0%d0%bb%d1%8c%d0%bd%d0%be%d0%b5-%d1%83%d0%b2%d0%b5%d0%b4%d0%be%d0%bc%d0%bb%d0%b5%d0%bd%d0%b8%d0%b5\\\/\",\"name\":\"COSTA BLANCA UP - \u041e\u0444\u0438\u0446\u0438\u0430\u043b\u044c\u043d\u043e\u0435 \u0443\u0432\u0435\u0434\u043e\u043c\u043b\u0435\u043d\u0438\u0435\",\"isPartOf\":{\"@id\":\"https:\\\/\\\/costablancaup.com\\\/ru\\\/#website\"},\"datePublished\":\"2017-09-20T10:46:01+00:00\",\"dateModified\":\"2021-05-06T13:46:35+00:00\",\"breadcrumb\":{\"@id\":\"https:\\\/\\\/costablancaup.com\\\/ru\\\/%d0%be%d1%84%d0%b8%d1%86%d0%b8%d0%b0%d0%bb%d1%8c%d0%bd%d0%be%d0%b5-%d1%83%d0%b2%d0%b5%d0%b4%d0%be%d0%bc%d0%bb%d0%b5%d0%bd%d0%b8%d0%b5\\\/#breadcrumb\"},\"inLanguage\":\"ru-RU\",\"potentialAction\":[{\"@type\":\"ReadAction\",\"target\":[\"https:\\\/\\\/costablancaup.com\\\/ru\\\/%d0%be%d1%84%d0%b8%d1%86%d0%b8%d0%b0%d0%bb%d1%8c%d0%bd%d0%be%d0%b5-%d1%83%d0%b2%d0%b5%d0%b4%d0%be%d0%bc%d0%bb%d0%b5%d0%bd%d0%b8%d0%b5\\\/\"]}]},{\"@type\":\"BreadcrumbList\",\"@id\":\"https:\\\/\\\/costablancaup.com\\\/ru\\\/%d0%be%d1%84%d0%b8%d1%86%d0%b8%d0%b0%d0%bb%d1%8c%d0%bd%d0%be%d0%b5-%d1%83%d0%b2%d0%b5%d0%b4%d0%be%d0%bc%d0%bb%d0%b5%d0%bd%d0%b8%d0%b5\\\/#breadcrumb\",\"itemListElement\":[{\"@type\":\"ListItem\",\"position\":1,\"name\":\"Home\",\"item\":\"https:\\\/\\\/costablancaup.com\\\/ru\\\/\"},{\"@type\":\"ListItem\",\"position\":2,\"name\":\"\u041e\u0444\u0438\u0446\u0438\u0430\u043b\u044c\u043d\u043e\u0435 \u0443\u0432\u0435\u0434\u043e\u043c\u043b\u0435\u043d\u0438\u0435\"}]},{\"@type\":\"WebSite\",\"@id\":\"https:\\\/\\\/costablancaup.com\\\/ru\\\/#website\",\"url\":\"https:\\\/\\\/costablancaup.com\\\/ru\\\/\",\"name\":\"COSTA BLANCA UP\",\"description\":\"Costa Blanca Agenda\",\"publisher\":{\"@id\":\"https:\\\/\\\/costablancaup.com\\\/ru\\\/#organization\"},\"potentialAction\":[{\"@type\":\"SearchAction\",\"target\":{\"@type\":\"EntryPoint\",\"urlTemplate\":\"https:\\\/\\\/costablancaup.com\\\/ru\\\/?s={search_term_string}\"},\"query-input\":{\"@type\":\"PropertyValueSpecification\",\"valueRequired\":true,\"valueName\":\"search_term_string\"}}],\"inLanguage\":\"ru-RU\"},{\"@type\":\"Organization\",\"@id\":\"https:\\\/\\\/costablancaup.com\\\/ru\\\/#organization\",\"name\":\"Costa Blanca Up\",\"url\":\"https:\\\/\\\/costablancaup.com\\\/ru\\\/\",\"logo\":{\"@type\":\"ImageObject\",\"inLanguage\":\"ru-RU\",\"@id\":\"https:\\\/\\\/costablancaup.com\\\/ru\\\/#\\\/schema\\\/logo\\\/image\\\/\",\"url\":\"https:\\\/\\\/costablancaup.com\\\/wp-content\\\/uploads\\\/2018\\\/07\\\/titulo_web-1.png\",\"contentUrl\":\"https:\\\/\\\/costablancaup.com\\\/wp-content\\\/uploads\\\/2018\\\/07\\\/titulo_web-1.png\",\"width\":1973,\"height\":303,\"caption\":\"Costa Blanca Up\"},\"image\":{\"@id\":\"https:\\\/\\\/costablancaup.com\\\/ru\\\/#\\\/schema\\\/logo\\\/image\\\/\"}}]}<\/script>\n<!-- \/ Yoast SEO plugin. -->","yoast_head_json":{"title":"COSTA BLANCA UP - \u041e\u0444\u0438\u0446\u0438\u0430\u043b\u044c\u043d\u043e\u0435 \u0443\u0432\u0435\u0434\u043e\u043c\u043b\u0435\u043d\u0438\u0435","robots":{"index":"index","follow":"follow","max-snippet":"max-snippet:-1","max-image-preview":"max-image-preview:large","max-video-preview":"max-video-preview:-1"},"canonical":"https:\/\/costablancaup.com\/ru\/%d0%be%d1%84%d0%b8%d1%86%d0%b8%d0%b0%d0%bb%d1%8c%d0%bd%d0%be%d0%b5-%d1%83%d0%b2%d0%b5%d0%b4%d0%be%d0%bc%d0%bb%d0%b5%d0%bd%d0%b8%d0%b5\/","og_locale":"ru_RU","og_type":"article","og_title":"COSTA BLANCA UP - \u041e\u0444\u0438\u0446\u0438\u0430\u043b\u044c\u043d\u043e\u0435 \u0443\u0432\u0435\u0434\u043e\u043c\u043b\u0435\u043d\u0438\u0435","og_description":"Estas son las Condiciones Generales de Uso del sitio web de COSTA BLANCA UP, al que se accede mediante la direcci\u00f3n principal www.costablancaup.com. La existencia de las presentes Condiciones Generales de Uso no excluye la existencia de otras disposiciones o condiciones de acceso a las diversas secciones que componen el sitio web. ACEPTACI\u00d3N DE LAS CONDICIONES DE USO Los usuarios deber\u00e1n leer las presentes Condiciones Generales de Uso de esta web. El uso o acceso a este sitio implica el conocimiento y plena aceptaci\u00f3n de las advertencias legales y condiciones que a continuaci\u00f3n se especifican. Asimismo, la utilizaci\u00f3n de determinados [&hellip;]","og_url":"https:\/\/costablancaup.com\/ru\/%d0%be%d1%84%d0%b8%d1%86%d0%b8%d0%b0%d0%bb%d1%8c%d0%bd%d0%be%d0%b5-%d1%83%d0%b2%d0%b5%d0%b4%d0%be%d0%bc%d0%bb%d0%b5%d0%bd%d0%b8%d0%b5\/","og_site_name":"COSTA BLANCA UP","article_modified_time":"2021-05-06T13:46:35+00:00","twitter_card":"summary_large_image","twitter_misc":{"\u041f\u0440\u0438\u043c\u0435\u0440\u043d\u043e\u0435 \u0432\u0440\u0435\u043c\u044f \u0434\u043b\u044f \u0447\u0442\u0435\u043d\u0438\u044f":"7 \u043c\u0438\u043d\u0443\u0442"},"schema":{"@context":"https:\/\/schema.org","@graph":[{"@type":"WebPage","@id":"https:\/\/costablancaup.com\/ru\/%d0%be%d1%84%d0%b8%d1%86%d0%b8%d0%b0%d0%bb%d1%8c%d0%bd%d0%be%d0%b5-%d1%83%d0%b2%d0%b5%d0%b4%d0%be%d0%bc%d0%bb%d0%b5%d0%bd%d0%b8%d0%b5\/","url":"https:\/\/costablancaup.com\/ru\/%d0%be%d1%84%d0%b8%d1%86%d0%b8%d0%b0%d0%bb%d1%8c%d0%bd%d0%be%d0%b5-%d1%83%d0%b2%d0%b5%d0%b4%d0%be%d0%bc%d0%bb%d0%b5%d0%bd%d0%b8%d0%b5\/","name":"COSTA BLANCA UP - \u041e\u0444\u0438\u0446\u0438\u0430\u043b\u044c\u043d\u043e\u0435 \u0443\u0432\u0435\u0434\u043e\u043c\u043b\u0435\u043d\u0438\u0435","isPartOf":{"@id":"https:\/\/costablancaup.com\/ru\/#website"},"datePublished":"2017-09-20T10:46:01+00:00","dateModified":"2021-05-06T13:46:35+00:00","breadcrumb":{"@id":"https:\/\/costablancaup.com\/ru\/%d0%be%d1%84%d0%b8%d1%86%d0%b8%d0%b0%d0%bb%d1%8c%d0%bd%d0%be%d0%b5-%d1%83%d0%b2%d0%b5%d0%b4%d0%be%d0%bc%d0%bb%d0%b5%d0%bd%d0%b8%d0%b5\/#breadcrumb"},"inLanguage":"ru-RU","potentialAction":[{"@type":"ReadAction","target":["https:\/\/costablancaup.com\/ru\/%d0%be%d1%84%d0%b8%d1%86%d0%b8%d0%b0%d0%bb%d1%8c%d0%bd%d0%be%d0%b5-%d1%83%d0%b2%d0%b5%d0%b4%d0%be%d0%bc%d0%bb%d0%b5%d0%bd%d0%b8%d0%b5\/"]}]},{"@type":"BreadcrumbList","@id":"https:\/\/costablancaup.com\/ru\/%d0%be%d1%84%d0%b8%d1%86%d0%b8%d0%b0%d0%bb%d1%8c%d0%bd%d0%be%d0%b5-%d1%83%d0%b2%d0%b5%d0%b4%d0%be%d0%bc%d0%bb%d0%b5%d0%bd%d0%b8%d0%b5\/#breadcrumb","itemListElement":[{"@type":"ListItem","position":1,"name":"Home","item":"https:\/\/costablancaup.com\/ru\/"},{"@type":"ListItem","position":2,"name":"\u041e\u0444\u0438\u0446\u0438\u0430\u043b\u044c\u043d\u043e\u0435 \u0443\u0432\u0435\u0434\u043e\u043c\u043b\u0435\u043d\u0438\u0435"}]},{"@type":"WebSite","@id":"https:\/\/costablancaup.com\/ru\/#website","url":"https:\/\/costablancaup.com\/ru\/","name":"COSTA BLANCA UP","description":"Costa Blanca Agenda","publisher":{"@id":"https:\/\/costablancaup.com\/ru\/#organization"},"potentialAction":[{"@type":"SearchAction","target":{"@type":"EntryPoint","urlTemplate":"https:\/\/costablancaup.com\/ru\/?s={search_term_string}"},"query-input":{"@type":"PropertyValueSpecification","valueRequired":true,"valueName":"search_term_string"}}],"inLanguage":"ru-RU"},{"@type":"Organization","@id":"https:\/\/costablancaup.com\/ru\/#organization","name":"Costa Blanca Up","url":"https:\/\/costablancaup.com\/ru\/","logo":{"@type":"ImageObject","inLanguage":"ru-RU","@id":"https:\/\/costablancaup.com\/ru\/#\/schema\/logo\/image\/","url":"https:\/\/costablancaup.com\/wp-content\/uploads\/2018\/07\/titulo_web-1.png","contentUrl":"https:\/\/costablancaup.com\/wp-content\/uploads\/2018\/07\/titulo_web-1.png","width":1973,"height":303,"caption":"Costa Blanca Up"},"image":{"@id":"https:\/\/costablancaup.com\/ru\/#\/schema\/logo\/image\/"}}]}},"_links":{"self":[{"href":"https:\/\/costablancaup.com\/ru\/wp-json\/wp\/v2\/pages\/18033","targetHints":{"allow":["GET"]}}],"collection":[{"href":"https:\/\/costablancaup.com\/ru\/wp-json\/wp\/v2\/pages"}],"about":[{"href":"https:\/\/costablancaup.com\/ru\/wp-json\/wp\/v2\/types\/page"}],"author":[{"embeddable":true,"href":"https:\/\/costablancaup.com\/ru\/wp-json\/wp\/v2\/users\/1"}],"replies":[{"embeddable":true,"href":"https:\/\/costablancaup.com\/ru\/wp-json\/wp\/v2\/comments?post=18033"}],"version-history":[{"count":2,"href":"https:\/\/costablancaup.com\/ru\/wp-json\/wp\/v2\/pages\/18033\/revisions"}],"predecessor-version":[{"id":48578,"href":"https:\/\/costablancaup.com\/ru\/wp-json\/wp\/v2\/pages\/18033\/revisions\/48578"}],"wp:attachment":[{"href":"https:\/\/costablancaup.com\/ru\/wp-json\/wp\/v2\/media?parent=18033"}],"curies":[{"name":"wp","href":"https:\/\/api.w.org\/{rel}","templated":true}]}}