{"id":54055,"date":"2017-09-20T12:27:25","date_gmt":"2017-09-20T10:27:25","guid":{"rendered":"https:\/\/costablancaup.com\/politica-privacidad\/"},"modified":"2022-05-02T18:56:40","modified_gmt":"2022-05-02T16:56:40","slug":"%d0%bf%d0%be%d0%bb%d1%96%d1%82%d0%b8%d0%ba%d0%b0-%d0%ba%d0%be%d0%bd%d1%84%d1%96%d0%b4%d0%b5%d0%bd%d1%86%d1%96%d0%b9%d0%bd%d0%be%d1%81%d1%82%d1%96","status":"publish","type":"page","link":"https:\/\/costablancaup.com\/uk\/%d0%bf%d0%be%d0%bb%d1%96%d1%82%d0%b8%d0%ba%d0%b0-%d0%ba%d0%be%d0%bd%d1%84%d1%96%d0%b4%d0%b5%d0%bd%d1%86%d1%96%d0%b9%d0%bd%d0%be%d1%81%d1%82%d1%96\/","title":{"rendered":"\u041f\u043e\u043b\u0456\u0442\u0438\u043a\u0430 \u043a\u043e\u043d\u0444\u0456\u0434\u0435\u043d\u0446\u0456\u0439\u043d\u043e\u0441\u0442\u0456"},"content":{"rendered":"<p style=\"text-align: justify;\">En cumplimiento de lo establecido en el Reglamento General de Protecci\u00f3n de Datos (Reglamento UE 2016\/679 del Parlamento Europeo y del Consejo, de 27 de abril de 2016, relativo a la protecci\u00f3n de las personas f\u00edsicas (en lo sucesivo, <abbr title=\"Reglamento General de Protecci\u00f3n de Datos\">RGPD<\/abbr>), COSTA BLANCA UP pone en conocimiento de los usuarios del sitio web www.costablancaup.com, la siguiente informaci\u00f3n:<\/p>\n<ul>\n<li style=\"text-align: justify;list-style-type: square;margin-bottom:1em;\">Los datos que los usuarios faciliten como consecuencia de la utilizaci\u00f3n y solicitud de los distintos servicios que se ofrecen a trav\u00e9s de la web a la que se accede mediante la direcci\u00f3n principal <em>www.costablancaup.com<\/em> y a otros sitios web que enlazan a este documento, ser\u00e1n objeto de tratamiento automatizado e incorporados a los correspondientes ficheros cuyo &#8220;responsable&#8221; es COSTA BLANCA UP, con domicilio en la Avenida Santander 21, <abbr title=\"C\u00f3digo Postal\">C.P.<\/abbr> 03540, Playa de San Juan (Alicante).<\/li>\n<li style=\"text-align: justify;list-style-type: square;margin-bottom:1em;\">A trav\u00e9s de este sitio web no se recaban datos de car\u00e1cter personal de los usuarios sin su conocimiento, ni se ceden a terceros.<\/li>\n<li style=\"text-align: justify;list-style-type: square;margin-bottom:1em;\">Cuando para la utilizaci\u00f3n o solicitud de alg\u00fan servicio sea necesario facilitar datos de car\u00e1cter personal, los usuarios garantizar\u00e1n su veracidad, exactitud, autenticidad y vigencia. En este sentido, ser\u00e1 obligaci\u00f3n de los usuarios mantener actualizados los datos de forma tal que correspondan a la realidad en cada momento.<\/li>\n<li style=\"text-align: justify;list-style-type: square;margin-bottom:1em;\">Los menores de trece a\u00f1os que hayan accedido a este sitio web necesitan el previo consentimiento de sus padres o tutores para poder utilizar o solicitar los servicios ofertados.<\/li>\n<li style=\"text-align: justify;list-style-type: square;margin-bottom:1em;\">Al facilitar datos de car\u00e1cter personal mediante la solicitud de los servicios que se ofrecen a trav\u00e9s del presente sitio web o su env\u00edo mediante cualquier otro medio, los usuarios aceptan la incorporaci\u00f3n de los datos facilitados a los ficheros automatizados de COSTA BLANCA UP.<\/li>\n<li style=\"text-align: justify;list-style-type: square;margin-bottom:1em;\">Los datos registrados \u00fanicamente ser\u00e1n utilizados con la finalidad de posibilitar el normal desarrollo de los servicios e informaciones solicitados por el usuario y remitirle informaci\u00f3n de las actividades y servicios propios de la entidad responsable de los ficheros.<\/li>\n<li style=\"text-align: justify;list-style-type: square;margin-bottom:1em;\">La direcci\u00f3n de correo electr\u00f3nico y otros datos facilitados por los usuarios durante el proceso de suscripci\u00f3n a alg\u00fan servicio ofrecido podr\u00e1 ser utilizada para la comunicaci\u00f3n de los boletines informativos de COSTA BLANCA UP, as\u00ed como de los nuevos servicios y\/o actividades.<\/li>\n<li style=\"text-align: justify;list-style-type: square;margin-bottom:1em;\">Las categor\u00edas de los datos que se tratan en este sitio web son simplemente datos identificativos. No se tratan categor\u00edas de datos especialmente protegidos.<\/li>\n<li style=\"text-align: justify;list-style-type: square;margin-bottom:1em;\">No se utilizar\u00e1n los datos personales de los usuarios con una finalidad diferente a la expresada en esta pol\u00edtica de privacidad.<\/li>\n<li style=\"text-align: justify;list-style-type: square;margin-bottom:1em;\">Con la finalidad de ofrecerle el mejor servicio y con el objeto de facilitar el uso, el sitio web puede recopilar informaci\u00f3n estad\u00edstica a trav\u00e9s de <em>Google Analytics<\/em>. Para que los visitantes del sitio web tengan la posibilidad de evitar que <em>Google Analytics<\/em> utilice sus datos, utilice el Complemento de inhabilitaci\u00f3n para navegadores. Si desea beneficiarse de dicha opci\u00f3n, <a target=\"_blank\" href=\"https:\/\/tools.google.com\/dlpage\/gaoptout\" title=\"Descargue el Complemento de inhabilitaci\u00f3n para navegadores de Google Analytics \" rel=\"noopener\">descargue<\/a> e instale el complemento para el navegador espec\u00edfico que utilice.<\/li>\n<li style=\"text-align: justify;list-style-type: square;margin-bottom:1em;\">El sitio web puede mostrar anuncios publicitarios. Al estar desactivada la funci\u00f3n de personalizaci\u00f3n de anuncios de <em>Google Adsense<\/em>, no se recoger\u00e1 ni utilizar\u00e1 su informaci\u00f3n para crear un perfil publicitario o personalizar los anuncios que te muestra. Seguir\u00e1n apareciendo anuncios, pero es posible que no sean tan \u00fatiles. Los anuncios podr\u00e1n seguir bas\u00e1ndose en el tema del sitio web, sus t\u00e9rminos de b\u00fasqueda actuales o su ubicaci\u00f3n general, pero no tendr\u00e1n en cuenta sus intereses ni su historial de b\u00fasqueda o de navegaci\u00f3n.<\/li>\n<li style=\"text-align: justify;list-style-type: square;margin-bottom:1em;\">COSTA BLANCA UP se compromete a no recabar informaci\u00f3n innecesaria sobre sus usuarios, indic\u00e1ndoles en cada momento el car\u00e1cter obligatorio o facultativo de las respuestas a las preguntas que les sean planteadas, a tratar con extrema diligencia la informaci\u00f3n personal que le puedan facilitar, y a cumplir en cualquier fase del tratamiento con la obligaci\u00f3n de guardar secreto respecto de los datos facilitados por los usuarios.<\/li>\n<li style=\"text-align: justify;list-style-type: square;margin-bottom:1em;\">Para poder prestar servicios estrictamente necesarios para el desarrollo del sitio web se comparten los datos con los siguientes prestadores bajo sus correspondientes condiciones de privacidad:\n<ul>\n<li style=\"list-style-type: circle;\">Estad\u00edsticas web: Google Analytics es un servicio anal\u00edtico, prestado por Google, ubicado en EE.UU. La informaci\u00f3n recogida ayuda a analizar el uso que hacen los usuarios del sitio web y es directamente transmitida y archivada por Google en sus servidores.<\/li>\n<li style=\"list-style-type: circle;\">Hosting: Hostalia a trav\u00e9s de Acens Technologies S.L.U., con domicilio en Espa\u00f1a, trata los datos con la finalidad de realizar sus servicios de hosting (alojamiento web).<\/li>\n<li style=\"list-style-type: circle;\">Campa\u00f1as por correo electr\u00f3nico: Mailchimp, ubicada en EEUU, trata los datos con la finalidad de realizar sus servicios de email marketing.<\/li>\n<li style=\"list-style-type: circle;\">Publicidad: Google AdSense es un servicio utilizado para mostrar anuncios a los usuarios que acceden a este sitio web, prestado por Google Inc., ubicado en EE.UU. Google utiliza la informaci\u00f3n recogida para mostrarte anuncios lo m\u00e1s relevantes posible y es directamente transmitida y archivada por Google en sus servidores.<\/li>\n<\/ul>\n<\/li>\n<li style=\"text-align: justify;list-style-type: square;margin-bottom:1em;\">No se compartir\u00e1 la informaci\u00f3n personal de los usuarios con ninguna otra persona o entidad, excepto para cumplir la ley (comunicaciones al Defensor del Pueblo, Jueces y Tribunales), o en caso de contar con la autorizaci\u00f3n expresa del usuario.<\/li>\n<li style=\"text-align: justify;list-style-type: square;margin-bottom:1em;\">Los datos personales proporcionados se conservar\u00e1n durante el tiempo necesario para cumplir con la finalidad para la que se recaban y para determinar las posibles responsabilidades que se pudieran derivar de la finalidad.<\/li>\n<li style=\"text-align: justify;list-style-type: square;margin-bottom:1em;\">Los usuarios podr\u00e1n ejercitar, en cualquier momento, los derechos de acceso, rectificaci\u00f3n, cancelaci\u00f3n y portabilidad de sus datos recopilados y archivados, de limitaci\u00f3n y oposici\u00f3n a su tratamiento. El ejercicio de estos derechos podr\u00e1 efectuarse mediante el env\u00edo de un correo electr\u00f3nico a info@costablancaup.com o por comunicaci\u00f3n escrita dirigida a COSTA BLANCA UP indicando como referencia &#8220;datos personales&#8221;.<\/li>\n<li style=\"text-align: justify;list-style-type: square;margin-bottom:1em;\">COSTA BLANCA UP se compromete a adoptar en todo momento las medidas de \u00edndole t\u00e9cnica y organizativas legalmente requeridas, para evitar la p\u00e9rdida, alteraci\u00f3n, o acceso no autorizado, implementando a dicho fin todos los medios y sistemas t\u00e9cnicos a su alcance, habida cuenta del estado de la tecnolog\u00eda, la naturaleza de los datos almacenados y los riesgos a que est\u00e1n expuestos, ya provengan de la acci\u00f3n humana o del medio f\u00edsico o natural.<\/li>\n<li style=\"text-align: justify;list-style-type: square;margin-bottom:1em;\">La base legal para el tratamiento de sus datos es el consentimiento. Para contactar o suscribirse a alg\u00fan servicio se requiere de la aceptaci\u00f3n de esta pol\u00edtica de privacidad.<\/li>\n<li style=\"text-align: justify;list-style-type: square;margin-bottom:1em;\">COSTA BLANCA UP se reserva el derecho a modificar la pol\u00edtica de privacidad de datos personales, siempre en los t\u00e9rminos permitidos por la legislaci\u00f3n vigente y previa comunicaci\u00f3n a los interesados, bien mediante publicaci\u00f3n en esta misma p\u00e1gina o por cualquier otro medio de comunicaci\u00f3n o difusi\u00f3n que se consideren oportuno.<\/li>\n<\/ul>\n","protected":false},"excerpt":{"rendered":"<p>En cumplimiento de lo establecido en el Reglamento General de Protecci\u00f3n de Datos (Reglamento UE 2016\/679 del Parlamento Europeo y del Consejo, de 27 de abril de 2016, relativo a la protecci\u00f3n de las personas f\u00edsicas (en lo sucesivo, RGPD), COSTA BLANCA UP pone en conocimiento de los usuarios del sitio web www.costablancaup.com, la siguiente informaci\u00f3n: Los datos que los usuarios faciliten como consecuencia de la utilizaci\u00f3n y solicitud de los distintos servicios que se ofrecen a trav\u00e9s de la web a la que se accede mediante la direcci\u00f3n principal www.costablancaup.com y a otros sitios web que enlazan a este [&hellip;]<\/p>\n","protected":false},"author":1,"featured_media":0,"parent":0,"menu_order":0,"comment_status":"closed","ping_status":"closed","template":"","meta":{"footnotes":""},"class_list":["post-54055","page","type-page","status-publish","hentry"],"yoast_head":"<!-- This site is optimized with the Yoast SEO plugin v27.3 - https:\/\/yoast.com\/product\/yoast-seo-wordpress\/ -->\n<title>COSTA BLANCA UP - \u041f\u043e\u043b\u0456\u0442\u0438\u043a\u0430 \u043a\u043e\u043d\u0444\u0456\u0434\u0435\u043d\u0446\u0456\u0439\u043d\u043e\u0441\u0442\u0456<\/title>\n<meta name=\"robots\" content=\"index, follow, max-snippet:-1, max-image-preview:large, max-video-preview:-1\" \/>\n<link rel=\"canonical\" href=\"https:\/\/costablancaup.com\/uk\/%d0%bf%d0%be%d0%bb%d1%96%d1%82%d0%b8%d0%ba%d0%b0-%d0%ba%d0%be%d0%bd%d1%84%d1%96%d0%b4%d0%b5%d0%bd%d1%86%d1%96%d0%b9%d0%bd%d0%be%d1%81%d1%82%d1%96\/\" \/>\n<meta property=\"og:locale\" content=\"uk_UA\" \/>\n<meta property=\"og:type\" content=\"article\" \/>\n<meta property=\"og:title\" content=\"COSTA BLANCA UP - \u041f\u043e\u043b\u0456\u0442\u0438\u043a\u0430 \u043a\u043e\u043d\u0444\u0456\u0434\u0435\u043d\u0446\u0456\u0439\u043d\u043e\u0441\u0442\u0456\" \/>\n<meta property=\"og:description\" content=\"En cumplimiento de lo establecido en el Reglamento General de Protecci\u00f3n de Datos (Reglamento UE 2016\/679 del Parlamento Europeo y del Consejo, de 27 de abril de 2016, relativo a la protecci\u00f3n de las personas f\u00edsicas (en lo sucesivo, RGPD), COSTA BLANCA UP pone en conocimiento de los usuarios del sitio web www.costablancaup.com, la siguiente informaci\u00f3n: Los datos que los usuarios faciliten como consecuencia de la utilizaci\u00f3n y solicitud de los distintos servicios que se ofrecen a trav\u00e9s de la web a la que se accede mediante la direcci\u00f3n principal www.costablancaup.com y a otros sitios web que enlazan a este [&hellip;]\" \/>\n<meta property=\"og:url\" content=\"https:\/\/costablancaup.com\/uk\/%d0%bf%d0%be%d0%bb%d1%96%d1%82%d0%b8%d0%ba%d0%b0-%d0%ba%d0%be%d0%bd%d1%84%d1%96%d0%b4%d0%b5%d0%bd%d1%86%d1%96%d0%b9%d0%bd%d0%be%d1%81%d1%82%d1%96\/\" \/>\n<meta property=\"og:site_name\" content=\"COSTA BLANCA UP\" \/>\n<meta property=\"article:modified_time\" content=\"2022-05-02T16:56:40+00:00\" \/>\n<meta name=\"twitter:card\" content=\"summary_large_image\" \/>\n<meta name=\"twitter:label1\" content=\"Est. reading time\" \/>\n\t<meta name=\"twitter:data1\" content=\"5 minutes\" \/>\n<script type=\"application\/ld+json\" class=\"yoast-schema-graph\">{\"@context\":\"https:\\\/\\\/schema.org\",\"@graph\":[{\"@type\":\"WebPage\",\"@id\":\"https:\\\/\\\/costablancaup.com\\\/uk\\\/%d0%bf%d0%be%d0%bb%d1%96%d1%82%d0%b8%d0%ba%d0%b0-%d0%ba%d0%be%d0%bd%d1%84%d1%96%d0%b4%d0%b5%d0%bd%d1%86%d1%96%d0%b9%d0%bd%d0%be%d1%81%d1%82%d1%96\\\/\",\"url\":\"https:\\\/\\\/costablancaup.com\\\/uk\\\/%d0%bf%d0%be%d0%bb%d1%96%d1%82%d0%b8%d0%ba%d0%b0-%d0%ba%d0%be%d0%bd%d1%84%d1%96%d0%b4%d0%b5%d0%bd%d1%86%d1%96%d0%b9%d0%bd%d0%be%d1%81%d1%82%d1%96\\\/\",\"name\":\"COSTA BLANCA UP - \u041f\u043e\u043b\u0456\u0442\u0438\u043a\u0430 \u043a\u043e\u043d\u0444\u0456\u0434\u0435\u043d\u0446\u0456\u0439\u043d\u043e\u0441\u0442\u0456\",\"isPartOf\":{\"@id\":\"https:\\\/\\\/costablancaup.com\\\/uk\\\/#website\"},\"datePublished\":\"2017-09-20T10:27:25+00:00\",\"dateModified\":\"2022-05-02T16:56:40+00:00\",\"breadcrumb\":{\"@id\":\"https:\\\/\\\/costablancaup.com\\\/uk\\\/%d0%bf%d0%be%d0%bb%d1%96%d1%82%d0%b8%d0%ba%d0%b0-%d0%ba%d0%be%d0%bd%d1%84%d1%96%d0%b4%d0%b5%d0%bd%d1%86%d1%96%d0%b9%d0%bd%d0%be%d1%81%d1%82%d1%96\\\/#breadcrumb\"},\"inLanguage\":\"uk-UA\",\"potentialAction\":[{\"@type\":\"ReadAction\",\"target\":[\"https:\\\/\\\/costablancaup.com\\\/uk\\\/%d0%bf%d0%be%d0%bb%d1%96%d1%82%d0%b8%d0%ba%d0%b0-%d0%ba%d0%be%d0%bd%d1%84%d1%96%d0%b4%d0%b5%d0%bd%d1%86%d1%96%d0%b9%d0%bd%d0%be%d1%81%d1%82%d1%96\\\/\"]}]},{\"@type\":\"BreadcrumbList\",\"@id\":\"https:\\\/\\\/costablancaup.com\\\/uk\\\/%d0%bf%d0%be%d0%bb%d1%96%d1%82%d0%b8%d0%ba%d0%b0-%d0%ba%d0%be%d0%bd%d1%84%d1%96%d0%b4%d0%b5%d0%bd%d1%86%d1%96%d0%b9%d0%bd%d0%be%d1%81%d1%82%d1%96\\\/#breadcrumb\",\"itemListElement\":[{\"@type\":\"ListItem\",\"position\":1,\"name\":\"Home\",\"item\":\"https:\\\/\\\/costablancaup.com\\\/uk\\\/\"},{\"@type\":\"ListItem\",\"position\":2,\"name\":\"\u041f\u043e\u043b\u0456\u0442\u0438\u043a\u0430 \u043a\u043e\u043d\u0444\u0456\u0434\u0435\u043d\u0446\u0456\u0439\u043d\u043e\u0441\u0442\u0456\"}]},{\"@type\":\"WebSite\",\"@id\":\"https:\\\/\\\/costablancaup.com\\\/uk\\\/#website\",\"url\":\"https:\\\/\\\/costablancaup.com\\\/uk\\\/\",\"name\":\"COSTA BLANCA UP\",\"description\":\"Costa Blanca Agenda\",\"publisher\":{\"@id\":\"https:\\\/\\\/costablancaup.com\\\/uk\\\/#organization\"},\"potentialAction\":[{\"@type\":\"SearchAction\",\"target\":{\"@type\":\"EntryPoint\",\"urlTemplate\":\"https:\\\/\\\/costablancaup.com\\\/uk\\\/?s={search_term_string}\"},\"query-input\":{\"@type\":\"PropertyValueSpecification\",\"valueRequired\":true,\"valueName\":\"search_term_string\"}}],\"inLanguage\":\"uk-UA\"},{\"@type\":\"Organization\",\"@id\":\"https:\\\/\\\/costablancaup.com\\\/uk\\\/#organization\",\"name\":\"Costa Blanca Up\",\"url\":\"https:\\\/\\\/costablancaup.com\\\/uk\\\/\",\"logo\":{\"@type\":\"ImageObject\",\"inLanguage\":\"uk-UA\",\"@id\":\"https:\\\/\\\/costablancaup.com\\\/uk\\\/#\\\/schema\\\/logo\\\/image\\\/\",\"url\":\"https:\\\/\\\/costablancaup.com\\\/wp-content\\\/uploads\\\/2018\\\/07\\\/titulo_web-1.png\",\"contentUrl\":\"https:\\\/\\\/costablancaup.com\\\/wp-content\\\/uploads\\\/2018\\\/07\\\/titulo_web-1.png\",\"width\":1973,\"height\":303,\"caption\":\"Costa Blanca Up\"},\"image\":{\"@id\":\"https:\\\/\\\/costablancaup.com\\\/uk\\\/#\\\/schema\\\/logo\\\/image\\\/\"}}]}<\/script>\n<!-- \/ Yoast SEO plugin. -->","yoast_head_json":{"title":"COSTA BLANCA UP - \u041f\u043e\u043b\u0456\u0442\u0438\u043a\u0430 \u043a\u043e\u043d\u0444\u0456\u0434\u0435\u043d\u0446\u0456\u0439\u043d\u043e\u0441\u0442\u0456","robots":{"index":"index","follow":"follow","max-snippet":"max-snippet:-1","max-image-preview":"max-image-preview:large","max-video-preview":"max-video-preview:-1"},"canonical":"https:\/\/costablancaup.com\/uk\/%d0%bf%d0%be%d0%bb%d1%96%d1%82%d0%b8%d0%ba%d0%b0-%d0%ba%d0%be%d0%bd%d1%84%d1%96%d0%b4%d0%b5%d0%bd%d1%86%d1%96%d0%b9%d0%bd%d0%be%d1%81%d1%82%d1%96\/","og_locale":"uk_UA","og_type":"article","og_title":"COSTA BLANCA UP - \u041f\u043e\u043b\u0456\u0442\u0438\u043a\u0430 \u043a\u043e\u043d\u0444\u0456\u0434\u0435\u043d\u0446\u0456\u0439\u043d\u043e\u0441\u0442\u0456","og_description":"En cumplimiento de lo establecido en el Reglamento General de Protecci\u00f3n de Datos (Reglamento UE 2016\/679 del Parlamento Europeo y del Consejo, de 27 de abril de 2016, relativo a la protecci\u00f3n de las personas f\u00edsicas (en lo sucesivo, RGPD), COSTA BLANCA UP pone en conocimiento de los usuarios del sitio web www.costablancaup.com, la siguiente informaci\u00f3n: Los datos que los usuarios faciliten como consecuencia de la utilizaci\u00f3n y solicitud de los distintos servicios que se ofrecen a trav\u00e9s de la web a la que se accede mediante la direcci\u00f3n principal www.costablancaup.com y a otros sitios web que enlazan a este [&hellip;]","og_url":"https:\/\/costablancaup.com\/uk\/%d0%bf%d0%be%d0%bb%d1%96%d1%82%d0%b8%d0%ba%d0%b0-%d0%ba%d0%be%d0%bd%d1%84%d1%96%d0%b4%d0%b5%d0%bd%d1%86%d1%96%d0%b9%d0%bd%d0%be%d1%81%d1%82%d1%96\/","og_site_name":"COSTA BLANCA UP","article_modified_time":"2022-05-02T16:56:40+00:00","twitter_card":"summary_large_image","twitter_misc":{"Est. reading time":"5 minutes"},"schema":{"@context":"https:\/\/schema.org","@graph":[{"@type":"WebPage","@id":"https:\/\/costablancaup.com\/uk\/%d0%bf%d0%be%d0%bb%d1%96%d1%82%d0%b8%d0%ba%d0%b0-%d0%ba%d0%be%d0%bd%d1%84%d1%96%d0%b4%d0%b5%d0%bd%d1%86%d1%96%d0%b9%d0%bd%d0%be%d1%81%d1%82%d1%96\/","url":"https:\/\/costablancaup.com\/uk\/%d0%bf%d0%be%d0%bb%d1%96%d1%82%d0%b8%d0%ba%d0%b0-%d0%ba%d0%be%d0%bd%d1%84%d1%96%d0%b4%d0%b5%d0%bd%d1%86%d1%96%d0%b9%d0%bd%d0%be%d1%81%d1%82%d1%96\/","name":"COSTA BLANCA UP - \u041f\u043e\u043b\u0456\u0442\u0438\u043a\u0430 \u043a\u043e\u043d\u0444\u0456\u0434\u0435\u043d\u0446\u0456\u0439\u043d\u043e\u0441\u0442\u0456","isPartOf":{"@id":"https:\/\/costablancaup.com\/uk\/#website"},"datePublished":"2017-09-20T10:27:25+00:00","dateModified":"2022-05-02T16:56:40+00:00","breadcrumb":{"@id":"https:\/\/costablancaup.com\/uk\/%d0%bf%d0%be%d0%bb%d1%96%d1%82%d0%b8%d0%ba%d0%b0-%d0%ba%d0%be%d0%bd%d1%84%d1%96%d0%b4%d0%b5%d0%bd%d1%86%d1%96%d0%b9%d0%bd%d0%be%d1%81%d1%82%d1%96\/#breadcrumb"},"inLanguage":"uk-UA","potentialAction":[{"@type":"ReadAction","target":["https:\/\/costablancaup.com\/uk\/%d0%bf%d0%be%d0%bb%d1%96%d1%82%d0%b8%d0%ba%d0%b0-%d0%ba%d0%be%d0%bd%d1%84%d1%96%d0%b4%d0%b5%d0%bd%d1%86%d1%96%d0%b9%d0%bd%d0%be%d1%81%d1%82%d1%96\/"]}]},{"@type":"BreadcrumbList","@id":"https:\/\/costablancaup.com\/uk\/%d0%bf%d0%be%d0%bb%d1%96%d1%82%d0%b8%d0%ba%d0%b0-%d0%ba%d0%be%d0%bd%d1%84%d1%96%d0%b4%d0%b5%d0%bd%d1%86%d1%96%d0%b9%d0%bd%d0%be%d1%81%d1%82%d1%96\/#breadcrumb","itemListElement":[{"@type":"ListItem","position":1,"name":"Home","item":"https:\/\/costablancaup.com\/uk\/"},{"@type":"ListItem","position":2,"name":"\u041f\u043e\u043b\u0456\u0442\u0438\u043a\u0430 \u043a\u043e\u043d\u0444\u0456\u0434\u0435\u043d\u0446\u0456\u0439\u043d\u043e\u0441\u0442\u0456"}]},{"@type":"WebSite","@id":"https:\/\/costablancaup.com\/uk\/#website","url":"https:\/\/costablancaup.com\/uk\/","name":"COSTA BLANCA UP","description":"Costa Blanca Agenda","publisher":{"@id":"https:\/\/costablancaup.com\/uk\/#organization"},"potentialAction":[{"@type":"SearchAction","target":{"@type":"EntryPoint","urlTemplate":"https:\/\/costablancaup.com\/uk\/?s={search_term_string}"},"query-input":{"@type":"PropertyValueSpecification","valueRequired":true,"valueName":"search_term_string"}}],"inLanguage":"uk-UA"},{"@type":"Organization","@id":"https:\/\/costablancaup.com\/uk\/#organization","name":"Costa Blanca Up","url":"https:\/\/costablancaup.com\/uk\/","logo":{"@type":"ImageObject","inLanguage":"uk-UA","@id":"https:\/\/costablancaup.com\/uk\/#\/schema\/logo\/image\/","url":"https:\/\/costablancaup.com\/wp-content\/uploads\/2018\/07\/titulo_web-1.png","contentUrl":"https:\/\/costablancaup.com\/wp-content\/uploads\/2018\/07\/titulo_web-1.png","width":1973,"height":303,"caption":"Costa Blanca Up"},"image":{"@id":"https:\/\/costablancaup.com\/uk\/#\/schema\/logo\/image\/"}}]}},"_links":{"self":[{"href":"https:\/\/costablancaup.com\/uk\/wp-json\/wp\/v2\/pages\/54055","targetHints":{"allow":["GET"]}}],"collection":[{"href":"https:\/\/costablancaup.com\/uk\/wp-json\/wp\/v2\/pages"}],"about":[{"href":"https:\/\/costablancaup.com\/uk\/wp-json\/wp\/v2\/types\/page"}],"author":[{"embeddable":true,"href":"https:\/\/costablancaup.com\/uk\/wp-json\/wp\/v2\/users\/1"}],"replies":[{"embeddable":true,"href":"https:\/\/costablancaup.com\/uk\/wp-json\/wp\/v2\/comments?post=54055"}],"version-history":[{"count":1,"href":"https:\/\/costablancaup.com\/uk\/wp-json\/wp\/v2\/pages\/54055\/revisions"}],"predecessor-version":[{"id":54056,"href":"https:\/\/costablancaup.com\/uk\/wp-json\/wp\/v2\/pages\/54055\/revisions\/54056"}],"wp:attachment":[{"href":"https:\/\/costablancaup.com\/uk\/wp-json\/wp\/v2\/media?parent=54055"}],"curies":[{"name":"wp","href":"https:\/\/api.w.org\/{rel}","templated":true}]}}